{"id":1352,"date":"2020-11-25T11:15:49","date_gmt":"2020-11-25T08:15:49","guid":{"rendered":"https:\/\/220.id.lv\/fa2\/?page_id=1352"},"modified":"2021-02-12T17:09:10","modified_gmt":"2021-02-12T14:09:10","slug":"terms-conditions","status":"publish","type":"page","link":"https:\/\/fa-advise.com\/lv\/terms-conditions\/","title":{"rendered":"T\u012bmek\u013ca vietnes lieto\u0161anas noteikumi"},"content":{"rendered":"\n<ol><li><strong>Visp\u0101r\u012bgie noteikumi<\/strong><\/li><\/ol>\n\n\n\n<p>\u0160ie t\u012bmek\u013ca vietnes lieto\u0161anas noteikumi (turpm\u0101k saukti par &#8220;Lieto\u0161anas noteikumiem&#8221;) ir piem\u0113rojami SIA \u201cFA ADVISE\u201d, re\u0123istr\u0101cijas numurs 40203048675, juridisk\u0101 adrese Dzirnavu iela 37 &#8211; 54, R\u012bga, LV-1010, Latvija (turpm\u0101k \u2013 Uz\u0146\u0113mums) t\u012bmek\u013ca vietnei <a href=\"http:\/\/www.fa-advise.com\">www.fa-advise.com<\/a> (turpm\u0101k \u2013 t\u012bmek\u013ca vietne) un nosaka pakalpojumu snieg\u0161anas k\u0101rt\u012bbu, kuri tiek sniegti juridisk\u0101m person\u0101m vai to apvien\u012bb\u0101m (turpm\u0101k \u2013 Klients, J\u016bs), veicot pas\u016bt\u012bjumu Uz\u0146\u0113muma t\u012bmek\u013ca vietn\u0113.<\/p>\n\n\n\n<p>Apmekl\u0113jot vai re\u0123istr\u0113joties Uz\u0146\u0113muma t\u012bmek\u013ca vietn\u0113 vai izmantojot taj\u0101 nor\u0101d\u012bto inform\u0101ciju un pakalpojumus, J\u016bs apstiprin\u0101t savu piekri\u0161anu iev\u0113rot \u0161os Lieto\u0161anas noteikumus. Ja k\u0101da konkr\u0113t\u0101 pakalpojuma noteikumi, kas atrun\u0101ti starp Uz\u0146\u0113mumu un Klientu atsevi\u0161\u0137i nosl\u0113gtaj\u0101 l\u012bgum\u0101 ir pretrun\u0101 \u0161iem t\u012bmek\u013ca vietnes Lieto\u0161anas noteikumiem, augst\u0101ks sp\u0113ks ir l\u012bgum\u0101 atrun\u0101to pakalpojumu lieto\u0161anas noteikumiem.<\/p>\n\n\n\n<p><strong>2. T\u012bmek\u013ca vietnes izmanto\u0161anas ierobe\u017eojumi<\/strong><\/p>\n\n\n\n<p>Uz\u0146\u0113muma t\u012bmek\u013ca vietn\u0113 izkl\u0101st\u012bt\u0101 inform\u0101cija ir ieg\u016bta no avotiem, kurus Uz\u0146\u0113mums uzskata par uzticamiem. Uz\u0146\u0113muma t\u012bmek\u013ca vietn\u0113 sniegt\u0101s inform\u0101cijas m\u0113r\u0137is ir inform\u0113t t\u0101s apmekl\u0113t\u0101jus par Uz\u0146\u0113muma pied\u0101v\u0101tajiem pakalpojumiem, tom\u0113r Uz\u0146\u0113mums nek\u0101d\u0101 veid\u0101 tie\u0161i vai netie\u0161i negarant\u0113 vai neapliecina un neatbild par to, ka inform\u0101cija, kas sniegta t\u0101s t\u012bmek\u013ca vietn\u0113 vai ar \u0161\u012bs t\u012bmek\u013ca vietnes pal\u012bdz\u012bbu, ir prec\u012bza, piln\u012bga vai atjaunin\u0101ta. Inform\u0101cija t\u012bmek\u013ca vietn\u0113 var tikt groz\u012bta vai iz\u0146emta bez \u012bpa\u0161a pazi\u0146ojuma. Uz\u0146\u0113mums neapliecina un negarant\u0113 to, ka \u0161\u012b t\u012bmek\u013ca vietne un\/ vai caur to internet\u0101 sniegtie pakalpojumi darbosies nek\u013c\u016bd\u012bgi vai bez p\u0101rtraukumiem.<\/p>\n\n\n\n<p>T\u012bmek\u013ca vietn\u0113 nor\u0101d\u012bt\u0101 inform\u0101cija nek\u0101d\u0101 gad\u012bjum\u0101 nav uzskat\u0101ma par padomu vai ar\u012b par k\u0101du citu Uz\u0146\u0113muma ieteikumu.<\/p>\n\n\n\n<p>Uz\u0146\u0113muma t\u012bmek\u013ca vietne nav adres\u0113ta fizisk\u0101m person\u0101m, jo Uz\u0146\u0113mums sniedz pakalpojumus tikai B2B.<\/p>\n\n\n\n<p>Uz\u0146\u0113mums nepied\u0101v\u0101s pakalpojumus personai, gad\u012bjum\u0101 ja p\u0113c Uz\u0146\u0113muma ieskatiem (bez Uz\u0146\u0113muma pien\u0101kuma p\u0101rbaud\u012bt \u0161\u0101du inform\u0101ciju) \u0161\u0101du pakalpojumu snieg\u0161ana ir pretrun\u0101 ties\u012bbu vai normat\u012bvajiem aktiem \u0161\u0101das personas m\u012btnes valsts jurisdikcij\u0101 vai ar to saist\u012bt\u0101 jurisdikcij\u0101.<\/p>\n\n\n\n<p>3. <strong>Re\u0123istr\u0101cijas un pas\u016bt\u012bjuma veik\u0161anas k\u0101rt\u012bba<\/strong><\/p>\n\n\n\n<p>Veikt pas\u016bt\u012bjumu vai sa\u0146emt vair\u0101k inform\u0101cijas par Uz\u0146\u0113muma pakalpojumiem J\u016bs varat re\u0123istr\u0113joties Uz\u0146\u0113muma t\u012bmek\u013ca vietn\u0113 vai rakstot uz Uz\u0146\u0113muma e-pastu <a href=\"mailto:info@fa-advise.com\">info@fa-advise.com<\/a>.<\/p>\n\n\n\n<p>Lai re\u0123istr\u0113tos t\u012bmek\u013ca vietn\u0113:<\/p>\n\n\n\n<ol><li>J\u0101nospie\u017e poga &#8220;Re\u0123istr\u0113ties\u201d;<\/li><li>J\u0101ievada nepiecie\u0161ami Klienta dati un j\u0101izveido paroli;<\/li><li>P\u0113c veiksm\u012bgas re\u0123istr\u0101cijas uz J\u016bsu nor\u0101d\u012bto e-pastu tiks nos\u016bt\u012bts piepras\u012bjums apstiprin\u0101t J\u016bsu nor\u0101d\u012bto e-pastu;<\/li><li>P\u0113c veiksm\u012bgas apstiprin\u0101\u0161anas Jums tiks nodro\u0161in\u0101ta piek\u013cuve t\u012bmek\u013ca vietnei re\u0123istr\u0113tas personas status\u0101, tom\u0113r ar ierobe\u017eotu piek\u013cuvi t\u012bmek\u013ca vietnes funkcion\u0101lam.<\/li><\/ol>\n\n\n\n<p>P\u0113c veiksm\u012bgas re\u0123istr\u0101cijas Jums tiek piepras\u012bts aizpild\u012bt klienta anketu, kas nepiecie\u0161ama Klienta identifik\u0101cijai un t\u012bmek\u013ca vietnes funkcion\u0101la pilnas piek\u013cuves nodro\u0161in\u0101\u0161anai.<\/p>\n\n\n\n<p>L\u016bdzam \u0146emt v\u0113r\u0101, ka Uz\u0146\u0113mums ties\u012bgs nepie\u0146emt pas\u016bt\u012bjumus no Klienta, gad\u012bjum\u0101, ja Uz\u0146\u0113mumam netiek sniegta piepras\u012bta inform\u0101cija par Klientu vai Uz\u0146\u0113mumam neb\u016bs iesp\u0113jams to sa\u0146emt no publiski pieejamajiem re\u0123istriem.<\/p>\n\n\n\n<p>Re\u0123istr\u0113joties Uz\u0146\u0113muma timek\u013ca vietn\u0113, Klients piekr\u012bt, ka vi\u0146am uz nor\u0101d\u012bto e-pastu tiks izs\u016bt\u012bti pazi\u0146ojumi, kas saist\u012bti ar pas\u016bt\u012bjuma apstr\u0101di, inform\u0101cija par jauniem darbiem un pakalpojumiem.<\/p>\n\n\n\n<p>Lai veiktu pas\u016bt\u012bjumu, jums j\u0101re\u0123istr\u0113 pas\u016bt\u012bjums Uz\u0146\u0113muma timek\u013ca vietn\u0113 vai j\u0101nos\u016bt\u0101 uz Uz\u0146\u0113muma e-pastu <a href=\"mailto:info@fa-advise.com.\">info@fa-advise.com<u>.<\/u><\/a><\/p>\n\n\n\n<p>Veicot pas\u016bt\u012bjumu ir j\u0101nor\u0101da:<\/p>\n\n\n\n<ul><li>darba nosaukums;<\/li><li>J\u016bsu uz\u0146\u0113muma nosaukums;<\/li><li>J\u016bsu uz\u0146\u0113muma re\u0123istr\u0101cijas numuru, (ar\u012b PVN maks\u0101t\u0101ja numuru (ja ir) un juridisko adresi);<\/li><li>e-pasts.<\/li><\/ul>\n\n\n\n<p>Pas\u016bt\u012bjumi tiek apstr\u0101d\u0101ti darba dien\u0101s no 10:00 l\u012bdz 19:00. Ja pas\u016bt\u012bjums tiek veikts \u0101rpus \u0161\u012b laik\u0101, to apstr\u0101d\u0101s n\u0101kamaj\u0101 darba dien\u0101.<\/p>\n\n\n\n<p>P\u0113c pas\u016bt\u012bjuma apstr\u0101des J\u016bsu pas\u016bt\u012bjums tiks rezerv\u0113ts uz J\u016bsu v\u0101rda l\u012bdz apmaksas sa\u0146em\u0161anai.<\/p>\n\n\n\n<p><strong>4. Apmaksas k\u0101rt\u012bba<\/strong><\/p>\n\n\n\n<p>Visi pas\u016bt\u012bjumi tiks apmaks\u0101ti ar 100% priek\u0161apmaksu, iz\u0146emot ja Uz\u0146\u0113mums un Klients pas\u016bt\u012bjumu veik\u0161anas br\u012bd\u012b vai nosl\u0113gtaj\u0101 l\u012bgum\u0101 nav vienoju\u0161ies cit\u0101di.<\/p>\n\n\n\n<p>P\u0113c pas\u016bt\u012bjuma veik\u0161anas J\u016bs sa\u0146emsiet priek\u0161apmaksas r\u0113\u0137inu, kas apmaks\u0101jams ar bankas p\u0101rskait\u012bjumu taj\u0101 nor\u0101d\u012btaj\u0101 termi\u0146\u0101.<\/p>\n\n\n\n<p>Pas\u016bt\u012bjums tiek uzskat\u012bts par apmaks\u0101tu p\u0113c naudas sa\u0146em\u0161anas Uz\u0146\u0113muma nor\u0113\u0137inu kont\u0101.<\/p>\n\n\n\n<p>Gad\u012bjum\u0101, ja priek\u0161apmaksas r\u0113\u0137ins netiks apmaks\u0101ts nor\u0101d\u012btaj\u0101 termi\u0146\u0101, pas\u016bt\u012bjums tiks anul\u0113ts bez \u012bpa\u0161a pazi\u0146ojuma Klientam.<\/p>\n\n\n\n<p><strong>5. Pas\u016bt\u012bjuma sa\u0146em\u0161ana<\/strong><\/p>\n\n\n\n<p>Klients sa\u0146em pas\u016bt\u012bjumu p\u0113c apmaksas veik\u0161anas.<\/p>\n\n\n\n<p>Pas\u016bt\u012bjums b\u016bs pieejams lejupl\u0101d\u0113\u0161anai Uz\u0146\u0113muma timek\u013ca vietn\u0113 vai p\u0113c pu\u0161u vieno\u0161an\u0101s pas\u016bt\u012bjums tiks nos\u016bt\u012bts Klientam uz e-pastu vai nodots fiziskaj\u0101 nes\u0113j\u0101, piem\u0113ram, USB zibatmi\u0146\u0101, \u0101r\u0113j\u0101 cietaj\u0101 disk\u0101 u.tml. vai ar\u012b pap\u012bra form\u0101, nos\u016btot uz Klienta nor\u0101d\u012bto pasta adresi.<\/p>\n\n\n\n<p>Pas\u016bt\u012bjuma nodo\u0161ana tiek noform\u0113ta ar pakalpojumu pie\u0146em\u0161anas aktu. Pakalpojumu pie\u0146em\u0161anas akts tiek nos\u016bt\u012bts Klientam uz e-pasta adresi. Klients paraksta pakalpojumu pie\u0146em\u0161anas aktu 5 (piecu) darba dienu laik\u0101, apstiprinot pakalpojumu sa\u0146em\u0161anu un nos\u016bta Uz\u0146\u0113mumam uz e-pasta adresi. Ja Klients \u0161aj\u0101 laikposm\u0101 neizvirza nek\u0101das pretenzijas, \u0161\u0101ds pakalpojumu pie\u0146em\u0161anas akts tiek uzskat\u012bts par gal\u012bgu un pakalpojumi par pie\u0146emtiem bez iebildumiem.<\/p>\n\n\n\n<p>Uz\u0146\u0113mums nepal\u012bdz Klientam ievest pakalpojumu rezult\u0101tu, nesniedz konsult\u0101cijas vai rekomend\u0101cijas.<\/p>\n\n\n\n<p><strong>6. Atbild\u012bbas ierobe\u017eojums<\/strong><\/p>\n\n\n\n<p>\u0160\u012bs t\u012bmek\u013ca vietnes saturs ir nodro\u0161in\u0101ts atbilsto\u0161i tam, k\u0101ds tas ir un k\u0101ds tas ir pieejams. Uz\u0146\u0113mums nedod nek\u0101das garantijas par t\u012bmek\u013ca vietni vai t\u0101s saturu. Uz\u0146\u0113mums nav atbild\u012bgs par jebk\u0101diem izdevumiem, zudumiem vai zaud\u0113jumiem (tie\u0161iem, netie\u0161iem, \u012bpa\u0161iem, nejau\u0161iem, seku rad\u012btiem, kait\u0113juma atl\u012bdz\u012bbu nol\u016bk\u0101 sod\u012bt vai br\u012bdin\u0101t, tostarp, bet ne tikai finan\u0161u zaud\u0113jumiem un neieg\u016bto pe\u013c\u0146u), kas radu\u0161ies jebk\u0101d\u0101 veid\u0101 saist\u012bb\u0101 ar t\u012bmek\u013ca vietnes apmekl\u0113\u0161anu vai izmanto\u0161anu.<\/p>\n\n\n\n<p>Darbi tiek pied\u0101v\u0101ti uz k\u0101ds tas ir (\u201cas is\u201d) pamata. T\u0101p\u0113c tie, cikt\u0101l to pie\u013cauj piem\u0113rojamie likumi, ir izsl\u0113gti no jebk\u0101das izteiktas vai netie\u0161as garantijas, ieskaitot visas kvalit\u0101tes apmierin\u0101t\u012bbas vai pielietojam\u012bbu.<\/p>\n\n\n\n<p>Klients piekr\u012bt, ka jebkura ieg\u0101d\u0101t\u0101 darba lieto\u0161ana tiek veikta piln\u012bgi uz pa\u0161u risku. Uz\u0146\u0113mums neuz\u0146emas piln\u012bgi nek\u0101du atbild\u012bbu par garantiju vai piem\u0113rot\u012bbu konkr\u0113tajam m\u0113r\u0137im.<\/p>\n\n\n\n<p>Uz\u0146\u0113mums nav atbild\u012bgs par jebk\u0101diem zaud\u0113jumiem, kas var rasties, Klientam izmantojot ieg\u0101d\u0101to darbu, ieskaitot, bet neaprobe\u017eojoties ar zaud\u0113to pe\u013c\u0146u, tie\u0161iem vai netie\u0161iem zaud\u0113jumiem, k\u0101 ar\u012b par nejau\u0161iem, soda vai izrieto\u0161iem zaud\u0113jumiem utt.<\/p>\n\n\n\n<p><strong>7. Autorties\u012bbas un pre\u010du z\u012bmes<\/strong><\/p>\n\n\n\n<p>Uz\u0146\u0113mums patur \u012bpa\u0161umties\u012bbas, autorties\u012bbas \u00a9 un visas p\u0101r\u0113j\u0101s nemateri\u0101l\u0101s ties\u012bbas uz \u0161o t\u012bmek\u013ca vietni. \u0160\u012bs t\u012bmek\u013ca vietnes satura piln\u012bga vai da\u013c\u0113ja public\u0113\u0161ana, reproduc\u0113\u0161ana, nodo\u0161ana vai glab\u0101\u0161ana ir aizliegta, ja vien \u012bpa\u0161umties\u012bbu, autorties\u012bbu vai citu intelektu\u0101lo \u012bpa\u0161umties\u012bbu tur\u0113t\u0101js nav devis savu piekri\u0161anu \u0161\u0101dai darb\u012bbai. \u0160is aizliegums neattiecas uz satura glab\u0101\u0161anu dator\u0101 vai izdruk\u0101\u0161anu vien\u012bgi person\u012bgai lieto\u0161anai. Saturu ir at\u013cauts cit\u0113t saska\u0146\u0101 ar piem\u0113rojamajiem autorties\u012bbas regul\u0113jo\u0161iem ties\u012bbu aktiem. Ja saturs tiek cit\u0113ts, j\u0101nor\u0101da t\u0101 avots, ta\u010du ir aizliegts reproduc\u0113t, public\u0113t vai izplat\u012bt \u0161aj\u0101 t\u012bmek\u013ca vietn\u0113 ietvert\u0101s pre\u010du z\u012bmes vai logotipus bez iepriek\u0161\u0113j\u0101s rakstiskas \u0161o pre\u010du z\u012bmju vai logotipu \u012bpa\u0161nieka piekri\u0161anas.<\/p>\n\n\n\n<p>Mantisk\u0101s ties\u012bbas uz darbu, kuru Klients ieg\u0101d\u0101jas Uz\u0146\u0113muma timek\u013ca vietn\u0113 tiek nodotas Klientam kop\u0101 ar darbu p\u0113c tas pilnas apmaksas. Uz\u0146\u0113mums patur sev ties\u012bbas uz autor\u012bbu (personisk\u0101s autora ties\u012bbas).<\/p>\n\n\n\n<p><strong>8. Saites<\/strong><\/p>\n\n\n\n<p>Ja Uz\u0146\u0113mums nor\u0101da teksta saites uz tre\u0161o personu t\u012bmek\u013ca vietn\u0113m, \u0161\u0101das saites nav uzskat\u0101mas par Uz\u0146\u0113muma sniegtu apstiprin\u0101jumu vai ieteikumu k\u0101dam no produktiem vai pakalpojumiem, kas sniegti \u0161\u0101d\u0101s t\u012bmek\u013ca vietn\u0113s vai ar to pal\u012bdz\u012bbu. J\u016bs piln\u012bb\u0101 uz\u0146ematies risku par \u0161\u0101du sai\u0161u izmanto\u0161anu un Uz\u0146\u0113mums neuz\u0146emas nek\u0101da veida atbild\u012bbu par \u0161\u0101du t\u012bmek\u013ca viet\u0146u saturu, izmanto\u0161ana vai pieejam\u012bbu. Uz\u0146\u0113mums nav p\u0101rbaud\u012bjusi \u0161\u0101du t\u012bmek\u013ca viet\u0146u satura patiesumu, precizit\u0101ti, pamatot\u012bbu, ticam\u012bbu vai piln\u012bgumu.<\/p>\n\n\n\n<p><strong>9. S\u012bkdatnes<\/strong><\/p>\n\n\n\n<p>Uz\u0146\u0113muma t\u012bmek\u013ca vietn\u0113 ir s\u012bkdatnes. S\u012bkdatne ir maza teksta datne, kura tiek saglab\u0101ta J\u016bsu datora cietaj\u0101 disk\u0101, kad J\u016bs apmekl\u0113jat t\u012bmek\u013ca vietni. Teksta datne satur inform\u0101ciju, un t\u0101 tiek izmantota, lai sekm\u0113tu attiec\u012bg\u0101s t\u012bmek\u013ca vietnes lieto\u0161anu t\u012bmek\u013ca vietnes apmekl\u0113t\u0101jam. <\/p>\n\n\n\n<p>Ir divu veidu s\u012bkdatnes. Pirmo s\u012bkdat\u0146u veidu sauc par past\u0101v\u012bgaj\u0101m s\u012bkdatn\u0113m, un t\u0101s glab\u0101 datni J\u016bsu datora cietaj\u0101 disk\u0101 noteiktu laika periodu. Uz\u0146\u0113mums izmanto past\u0101v\u012bg\u0101s s\u012bkdatnes, lai sekotu l\u012bdzi apmekl\u0113t\u0101ju pl\u016bsmai t\u012bmek\u013ca vietn\u0113 un iev\u0101ktu statistikas datus.<\/p>\n\n\n\n<p>Otrs s\u012bkdat\u0146u veids, kuras sauc par sesijas s\u012bkdatn\u0113m, tiek saglab\u0101tas tikai \u012bslaic\u012bgi, kam\u0113r J\u016bs atrodaties t\u012bmek\u013ca vietn\u0113. Lai lietotu Uz\u0146\u0113mums interneta pakalpojumus, Jums ir j\u0101piekr\u012bt sesijas s\u012bkdat\u0146u izmanto\u0161anai. Sesijas s\u012bkdatnes tiks izdz\u0113stas, tikl\u012bdz J\u016bs beigsiet darbu Uz\u0146\u0113muma t\u012bmek\u013ca vietn\u0113 vai ar\u012b aizv\u0113rsiet savu interneta p\u0101rl\u016bkprogrammu.<\/p>\n\n\n\n<p>Ja J\u016bs nev\u0113laties pie\u0146emt s\u012bkdatnes, J\u016bs varat nomain\u012bt J\u016bsu interneta p\u0101rl\u016bkprogrammas dro\u0161\u012bbas uzst\u0101d\u012bjumus. J\u016bs varat izv\u0113l\u0113ties neat\u013caut past\u0101v\u012bgo s\u012bkdat\u0146u izmanto\u0161anu, un tas nek\u0101di neietekm\u0113s \u0161\u012bs t\u012bmek\u013ca vietnes funkcionalit\u0101ti. Iev\u0113rojiet, ka bez sesijas s\u012bkdat\u0146u apstiprin\u0101\u0161anas ar Uz\u0146\u0113mums t\u012bmek\u013ca vietnes pal\u012bdz\u012bbu Jums neb\u016bs iesp\u0113jams pilnv\u0113rt\u012bgi izmantot Uz\u0146\u0113mums interneta pakalpojumus.<\/p>\n\n\n\n<p><strong>10. Piem\u0113rojamie ties\u012bbu akti un jurisdikcija<\/strong><\/p>\n\n\n\n<p>\u0160\u012bs t\u012bmek\u013ca vietnes darb\u012bbu un taj\u0101 iek\u013cauto pazi\u0146ojumu par \u0161\u012bs t\u012bmek\u013ca vietnes lieto\u0161anas noteikumiem reglament\u0113 Latvijas Republikas ties\u012bbu akti. Visu str\u012bdu risin\u0101\u0161ana, kuri izriet no \u0161iem t\u012bmek\u013ca vietnes lieto\u0161anas noteikumiem vai radu\u0161ies saist\u012bb\u0101 ar \u0161iem noteikumiem, ir tikai un vien\u012bgi Latvijas Republikas tiesu jurisdikcij\u0101.<\/p>\n\n\n\n<p><em>Lieto\u0161anas noteikumu p\u0113d\u0113j\u0101 redakcija no 12\/02\/2021<\/em><\/p>\n","protected":false},"excerpt":{"rendered":"<p>Visp\u0101r\u012bgie noteikumi \u0160ie t\u012bmek\u013ca vietnes lieto\u0161anas noteikumi (turpm\u0101k saukti par [&hellip;]<\/p>\n","protected":false},"author":6,"featured_media":0,"parent":0,"menu_order":0,"comment_status":"closed","ping_status":"closed","template":"page-content.php","meta":[],"_links":{"self":[{"href":"https:\/\/fa-advise.com\/lv\/wp-json\/wp\/v2\/pages\/1352"}],"collection":[{"href":"https:\/\/fa-advise.com\/lv\/wp-json\/wp\/v2\/pages"}],"about":[{"href":"https:\/\/fa-advise.com\/lv\/wp-json\/wp\/v2\/types\/page"}],"author":[{"embeddable":true,"href":"https:\/\/fa-advise.com\/lv\/wp-json\/wp\/v2\/users\/6"}],"replies":[{"embeddable":true,"href":"https:\/\/fa-advise.com\/lv\/wp-json\/wp\/v2\/comments?post=1352"}],"version-history":[{"count":7,"href":"https:\/\/fa-advise.com\/lv\/wp-json\/wp\/v2\/pages\/1352\/revisions"}],"predecessor-version":[{"id":2153,"href":"https:\/\/fa-advise.com\/lv\/wp-json\/wp\/v2\/pages\/1352\/revisions\/2153"}],"wp:attachment":[{"href":"https:\/\/fa-advise.com\/lv\/wp-json\/wp\/v2\/media?parent=1352"}],"curies":[{"name":"wp","href":"https:\/\/api.w.org\/{rel}","templated":true}]}}